{"id":632,"date":"2021-04-29T11:38:01","date_gmt":"2021-04-29T11:38:01","guid":{"rendered":"https:\/\/a4p.pt\/home\/"},"modified":"2025-02-26T15:58:10","modified_gmt":"2025-02-26T15:58:10","slug":"home","status":"publish","type":"page","link":"https:\/\/a4p.pt\/en\/","title":{"rendered":"Home"},"content":{"rendered":"    <style>\n        @media (max-width: 991.98px){\n            #block_2da9266c3470728c32d01295c698f12d{\n                        }\n        }\n    <\/style>\n\n    <section id=\"block_2da9266c3470728c32d01295c698f12d\" class=\"iwt-block\"\n             style=\" \">\n        <div class=\"container\">\n            <div class=\"icon-with-background\">\n                <div class=\"row row-cols-2 row-cols-md-4 justify-content-center\">\n                    \n                        <div class=\"col\" data-aos=\"fade-right\" data-aos-delay=\"200\">\n                            <div class=\"item\"\n                                 style=\"\">\n                                <div class=\"content\">\n\n                                    <div class=\"icon\">\n                                        <img decoding=\"async\" class=\"img-fluid\" src=\"https:\/\/a4p.pt\/wp-content\/uploads\/2021\/04\/fiscal-icon.svg\" width=\"42\" height=\"46\"\/>\n                                    <\/div>\n\n                                                                            <h2 class=\"title\">Tax Consultancy<\/h2>\n                                    \n                                    <h4 class=\"description\">We maximise your company&#8217;s tax efficiency<\/h4>\n\n                                                                            <a class=\"cta\" href=\"https:\/\/a4p.pt\/en\/services\/tax-consultancy\/\"\n                                           target=\"\">Find out more<\/a>\n                                    \n                                <\/div>\n                            <\/div>\n                        <\/div>\n\n                    \n                        <div class=\"col\" data-aos=\"fade-right\" data-aos-delay=\"400\">\n                            <div class=\"item\"\n                                 style=\"\">\n                                <div class=\"content\">\n\n                                    <div class=\"icon\">\n                                        <img decoding=\"async\" class=\"img-fluid\" src=\"https:\/\/a4p.pt\/wp-content\/uploads\/2021\/04\/consultoria-financeira-icon.svg\" width=\"42\" height=\"46\"\/>\n                                    <\/div>\n\n                                                                            <h2 class=\"title\">Financial Consultancy<\/h2>\n                                    \n                                    <h4 class=\"description\">We help you to keep your profits healthy<\/h4>\n\n                                                                            <a class=\"cta\" href=\"https:\/\/a4p.pt\/en\/services\/financial-consultancy\/\"\n                                           target=\"\">Find out more<\/a>\n                                    \n                                <\/div>\n                            <\/div>\n                        <\/div>\n\n                    \n                        <div class=\"col\" data-aos=\"fade-right\" data-aos-delay=\"600\">\n                            <div class=\"item\"\n                                 style=\"\">\n                                <div class=\"content\">\n\n                                    <div class=\"icon\">\n                                        <img decoding=\"async\" class=\"img-fluid\" src=\"https:\/\/a4p.pt\/wp-content\/uploads\/2021\/04\/contabilidade-icon.svg\" width=\"42\" height=\"46\"\/>\n                                    <\/div>\n\n                                                                            <h2 class=\"title\">Accounting<\/h2>\n                                    \n                                    <h4 class=\"description\">We get your accounting in the best possible shape <\/h4>\n\n                                                                            <a class=\"cta\" href=\"https:\/\/a4p.pt\/en\/services\/accounting\/\"\n                                           target=\"\">Find out more<\/a>\n                                    \n                                <\/div>\n                            <\/div>\n                        <\/div>\n\n                    \n                        <div class=\"col\" data-aos=\"fade-right\" data-aos-delay=\"800\">\n                            <div class=\"item\"\n                                 style=\"\">\n                                <div class=\"content\">\n\n                                    <div class=\"icon\">\n                                        <img decoding=\"async\" class=\"img-fluid\" src=\"https:\/\/a4p.pt\/wp-content\/uploads\/2021\/04\/recursos-humanos-icon.svg\" width=\"42\" height=\"46\"\/>\n                                    <\/div>\n\n                                                                            <h2 class=\"title\">Human Resources<\/h2>\n                                    \n                                    <h4 class=\"description\">We take care of your people\u2019s management<\/h4>\n\n                                                                            <a class=\"cta\" href=\"https:\/\/a4p.pt\/en\/services\/human-resources\/\"\n                                           target=\"\">Find out more<\/a>\n                                    \n                                <\/div>\n                            <\/div>\n                        <\/div>\n\n                                    <\/div>\n            <\/div>\n        <\/div>\n    <\/section>\n\n\n\n<style>\n    @media (max-width: 991.98px){\n        #block_a8a383c9e10ef3d80bdd97cf06ee9ef9{\n        margin-top:40px !important;        margin-bottom:40px !important;        }\n    }\n<\/style>\n\n<section id=\"block_a8a383c9e10ef3d80bdd97cf06ee9ef9\" class=\"twi-block\"\n         style=\"margin-top:80px; margin-bottom:80px;\">\n   <div class=\"container\">\n       <div class=\"row row-cols-1 row-cols-md-2 align-items-center\">\n           <div class=\"col order-1 d-none d-sm-block\" data-aos=\"fade-right\">\n               <div class=\"image\" style=\"background-image: url('https:\/\/a4p.pt\/wp-content\/uploads\/2021\/05\/a4p-quem-somos.jpg')\"><\/div>\n           <\/div>\n\n           <div class=\"col order-2\">\n               <div class=\"text dark-text\" data-aos=\"fade-left\">\n                   <h1>Who we are<\/h1>\n<p>We are the first company dedicated to providing services in economic and financial consulting, accounting, tax advice and representation, and human resources management to the healthcare market.<\/p>\n<div id=\"gtx-trans\" style=\"position: absolute; left: -2px; top: -0.5625px;\">\n<div class=\"gtx-trans-icon\"><\/div>\n<\/div>\n               <\/div>\n                                  <a class=\"cta\" href=\"https:\/\/a4p.pt\/en\/who-we-are\/\"\n                      target=\"\" data-aos=\"fade-down\">Find out more<\/a>\n                          <\/div>\n       <\/div>\n   <\/div>\n<\/section>\n\n    <style>\n        @media (max-width: 991.98px){\n            #block_167797fe2c32ab9b60e749a7e2a630e7{\n                margin-bottom:50px !important;        }\n        }\n    <\/style>\n\n    <section id=\"block_167797fe2c32ab9b60e749a7e2a630e7\" class=\"testimonials-block\"\n             style=\" margin-bottom:100px;\">\n\n        <div class=\"container position-relative\">\n            <div class=\"icon-quote\" data-aos=\"fade-down\">\n                <img decoding=\"async\" src=\"https:\/\/a4p.pt\/wp-content\/themes\/a4p\/assets\/frontend\/dist\/images\/icon-quote.svg\"\/>\n            <\/div>\n            <div class=\"owl-carousel\">\n                                    <div class=\"row align-items-center justify-content-center\">\n                        <div class=\"col-md-4 d-none d-md-block\">\n                            <div class=\"image\" style=\"background-image: url('https:\/\/a4p.pt\/wp-content\/uploads\/2021\/05\/a4p-testemunho-sanobia-frente.jpg')\" data-aos=\"fade-left\"><\/div>\n                        <\/div>\n\n                        <div class=\"col-12 col-md-8\">\n                            <div class=\"content\" data-aos=\"fade-right\">\n                                <h3 class=\"name\">Eurico Pais<\/h3>\n                                <p class=\"sub-title\">Technical Director | Managing Partner<\/p>\n                                <div class=\"text\"><p>&#8220;For San\u00f3bia, accounting was a cause of concern rather than a support to management over the years because most accounting firms we worked with did not know our business at all and nor did they make an effort to find out, becoming a source of problems rather than a source of solutions.<\/p>\n<p>Six years ago we decided to make Accouting4Pharma our partner. They completely reorganised our accounting and began to provide tailored and ongoing advice, allowing us to make informed management decisions which contributed decisively to the consolidation and growth of San\u00f3bia.<\/p>\n<p>For this reason I must express my gratitude to Accounting4Pharma and Dr. Ant\u00f3nio Vicente, in particular.&#8221;<\/p>\n<\/div>\n                            <\/div>\n                        <\/div>\n                    <\/div>\n                                    <div class=\"row align-items-center justify-content-center\">\n                        <div class=\"col-md-4 d-none d-md-block\">\n                            <div class=\"image\" style=\"background-image: url('https:\/\/a4p.pt\/wp-content\/uploads\/2021\/05\/a4p-testemunho-carlos-nabuco.jpg')\" data-aos=\"fade-left\"><\/div>\n                        <\/div>\n\n                        <div class=\"col-12 col-md-8\">\n                            <div class=\"content\" data-aos=\"fade-right\">\n                                <h3 class=\"name\">Carlos Nabuco<\/h3>\n                                <p class=\"sub-title\">Cabe\u00e7a e Pesco\u00e7o, Lda | Manager<\/p>\n                                <div class=\"text\"><p>&#8220;As a surgeon working independently in several hospitals, the decision to form a company always made economic sense. However, the added bureaucratic work this required and a lack of knowledge about the advantages and disadvantages of operating professionally as a company were always a huge obstacle, since our desire and knowledge as clinicians is directed almost exclusively to medicine and patients. Since the establishment of Cabe\u00e7a e Pesco\u00e7o Lda, we have relied on A4P to manage all the accounting through Ant\u00f3nio Vicente. His timely and practical advice has allowed us to continue to dedicate our time to patients and to our professional growth, all while enjoying the advantages of operating as a company.&#8221;<\/p>\n<\/div>\n                            <\/div>\n                        <\/div>\n                    <\/div>\n                                    <div class=\"row align-items-center justify-content-center\">\n                        <div class=\"col-md-4 d-none d-md-block\">\n                            <div class=\"image\" style=\"background-image: url('https:\/\/a4p.pt\/wp-content\/uploads\/2025\/02\/PharmaPlanet.png')\" data-aos=\"fade-left\"><\/div>\n                        <\/div>\n\n                        <div class=\"col-12 col-md-8\">\n                            <div class=\"content\" data-aos=\"fade-right\">\n                                <h3 class=\"name\">Miguel Santos Silva<\/h3>\n                                <p class=\"sub-title\">PharmaPlanet, Lda | General Manager<\/p>\n                                <div class=\"text\"><p>&#8220;A4P gives us the peace of mind we need to be focused on the business.<\/p>\n<p>A\u00a0reliable\u00a0partner,\u00a0technologically\u00a0ahead.&#8221;<\/p>\n<\/div>\n                            <\/div>\n                        <\/div>\n                    <\/div>\n                                    <div class=\"row align-items-center justify-content-center\">\n                        <div class=\"col-md-4 d-none d-md-block\">\n                            <div class=\"image\" style=\"background-image: url('https:\/\/a4p.pt\/wp-content\/uploads\/2025\/02\/Ursapharm.png')\" data-aos=\"fade-left\"><\/div>\n                        <\/div>\n\n                        <div class=\"col-12 col-md-8\">\n                            <div class=\"content\" data-aos=\"fade-right\">\n                                <h3 class=\"name\">Pedro Antunes<\/h3>\n                                <p class=\"sub-title\">Ursapharm Portugal | Managing Director<\/p>\n                                <div class=\"text\"><p>&#8220;With\u00a0A4P,\u00a0we\u00a0have\u00a0the\u00a0security\u00a0of\u00a0a\u00a0reliable\u00a0and\u00a0innovative\u00a0partner,\u00a0which\u00a0allows\u00a0us\u00a0to\u00a0direct all\u00a0attention\u00a0to\u00a0the\u00a0growth\u00a0of\u00a0our\u00a0business.&#8221;<\/p>\n<\/div>\n                            <\/div>\n                        <\/div>\n                    <\/div>\n                                    <div class=\"row align-items-center justify-content-center\">\n                        <div class=\"col-md-4 d-none d-md-block\">\n                            <div class=\"image\" style=\"background-image: url('https:\/\/a4p.pt\/wp-content\/uploads\/2025\/02\/Nordic-4.png')\" data-aos=\"fade-left\"><\/div>\n                        <\/div>\n\n                        <div class=\"col-12 col-md-8\">\n                            <div class=\"content\" data-aos=\"fade-right\">\n                                <h3 class=\"name\">Ant\u00f3nio Caio and Nuno Ramalho<\/h3>\n                                <p class=\"sub-title\">Nordic Pharma S.A.U. | General Manager and Finance Manager<\/p>\n                                <div class=\"text\"><p>&#8220;Having A4P as our partner is synonymous with tranquility and trust! We know that we are in experienced hands, with professionals who look after our accounting and tax efficiency with excellence. This allows us to focus on what really matters, our customers and the strategic growth of our business!&#8221;<\/p>\n<p>&nbsp;<\/p>\n<p>&nbsp;<\/p>\n<\/div>\n                            <\/div>\n                        <\/div>\n                    <\/div>\n                            <\/div>\n        <\/div>\n    <\/section>\n","protected":false},"excerpt":{"rendered":"","protected":false},"author":1,"featured_media":822,"parent":0,"menu_order":0,"comment_status":"closed","ping_status":"closed","template":"","meta":{"_acf_changed":false,"footnotes":""},"class_list":["post-632","page","type-page","status-publish","has-post-thumbnail","hentry"],"acf":[],"_links":{"self":[{"href":"https:\/\/a4p.pt\/en\/wp-json\/wp\/v2\/pages\/632","targetHints":{"allow":["GET"]}}],"collection":[{"href":"https:\/\/a4p.pt\/en\/wp-json\/wp\/v2\/pages"}],"about":[{"href":"https:\/\/a4p.pt\/en\/wp-json\/wp\/v2\/types\/page"}],"author":[{"embeddable":true,"href":"https:\/\/a4p.pt\/en\/wp-json\/wp\/v2\/users\/1"}],"replies":[{"embeddable":true,"href":"https:\/\/a4p.pt\/en\/wp-json\/wp\/v2\/comments?post=632"}],"version-history":[{"count":0,"href":"https:\/\/a4p.pt\/en\/wp-json\/wp\/v2\/pages\/632\/revisions"}],"wp:featuredmedia":[{"embeddable":true,"href":"https:\/\/a4p.pt\/en\/wp-json\/wp\/v2\/media\/822"}],"wp:attachment":[{"href":"https:\/\/a4p.pt\/en\/wp-json\/wp\/v2\/media?parent=632"}],"curies":[{"name":"wp","href":"https:\/\/api.w.org\/{rel}","templated":true}]}}