{"id":650,"date":"2021-04-28T09:16:07","date_gmt":"2021-04-28T09:16:07","guid":{"rendered":"https:\/\/a4p.pt\/politica-privacidade\/"},"modified":"2025-08-08T16:17:28","modified_gmt":"2025-08-08T16:17:28","slug":"privacy-policy","status":"publish","type":"page","link":"https:\/\/a4p.pt\/en\/privacy-policy\/","title":{"rendered":"Privacy Policy"},"content":{"rendered":"\n<p>O presente documento apresenta a pol\u00edtica de privacidade da nossa p\u00e1gina, acess\u00edvel pela Internet atrav\u00e9s do endere\u00e7o&nbsp;www.a4p.pt&nbsp;ou (doravante designado por \u201cp\u00e1gina web\u201d).<\/p>\n\n\n\n<p>Ao utilizar a nossa p\u00e1gina web est\u00e1 a aceitar os termos e condi\u00e7\u00f5es do presente documento.<\/p>\n\n\n\n<p>Podemos alterar a presente pol\u00edtica a qualquer momento e essas altera\u00e7\u00f5es entrar\u00e3o em vigor imediatamente.<\/p>\n\n\n\n<h2 class=\"wp-block-heading\">1. Identidade e contactos do respons\u00e1vel pelo tratamento<\/h2>\n\n\n\n<p>A p\u00e1gina web \u00e9 operada pela ASMPB, com sede na Rua Ant\u00f3nio Raio, Lourel 2710-394 Sintra com n\u00famero de identifica\u00e7\u00e3o de pessoa coletiva 513334076, na qualidade de respons\u00e1vel pelo tratamento na ace\u00e7\u00e3o da legisla\u00e7\u00e3o aplic\u00e1vel em mat\u00e9ria de dados pessoais, adiante designada por A4P.<\/p>\n\n\n\n<h2 class=\"wp-block-heading\">2. Legal Basis for Data Processing<\/h2>\n\n\n\n<p><br>2.1 The collection of personal data is carried out through the forms available on the website, interactions on social media, and newsletter subscriptions, as well as by automated means, namely cookies.<\/p>\n\n\n\n<p>2.2 In addition to the data provided in the contact form, the personal data collected and processed about you also depend on the services used, your choices, and your device settings (particularly regarding cookies and other tracking technologies): your full name, email address, postal address, and telephone number.<\/p>\n\n\n\n<h2 class=\"wp-block-heading\">3. Purposes<\/h2>\n\n\n\n<p>3.1. Legal Basis for Data Processing<br>Through certain actions (such as data collection forms or pop-ups) present on this website, social media, and the newsletter\u2014always carried out with your knowledge and consent\u2014we may use the data obtained from these actions for internal processing and to send information and campaigns about A4P&#8217;s products and services, as well as the company&#8217;s brands in the areas in which we operate. This includes marketing campaigns that we consider relevant to your profile and interests.<\/p>\n\n\n\n<h2 class=\"wp-block-heading\">4. Destinat\u00e1rios dos dados<\/h2>\n\n\n\n<p>4.1 The personal information provided is intended for A4P.<\/p>\n\n\n\n<p>4.2 Additionally, your personal data may be disclosed to third parties in order to:<br>*Comply with legal requirements or demands from competent governmental or judicial authorities; *Fulfill requirements necessary to initiate or sustain legal proceedings or defend against a legal claim; *Be communicated to the police or judicial authorities, in accordance with applicable laws and regulations and upon formal request from such authorities, for the purpose of fraud prevention (anti-fraud services).<\/p>\n\n\n\n<p>4.3 ASMPB may share personal data with duly contracted partners, exclusively within the scope of marketing activities and customer relationship management, ensuring compliance with applicable legal and contractual regulations.<\/p>\n\n\n\n<h2 class=\"wp-block-heading\">5. Seguran\u00e7a e confidencialidade dos dados<\/h2>\n\n\n\n<p>Empenhamo-nos na implementa\u00e7\u00e3o de todas as precau\u00e7\u00f5es necess\u00e1rias para preservar a confidencialidade e seguran\u00e7a dos dados pessoais tratados e impedir que estes sejam distorcidos, danificados, destru\u00eddos, ou que terceiros n\u00e3o autorizados tenham acesso aos mesmos. Foram desenvolvidas medidas de seguran\u00e7a t\u00e9cnicas e organizacionais, especialmente no que diz respeito a sistemas de informa\u00e7\u00e3o. No entanto, n\u00e3o controlamos todos os riscos relacionados com a utiliza\u00e7\u00e3o da Internet e chamamos a aten\u00e7\u00e3o dos visitantes para a exist\u00eancia de poss\u00edveis riscos associados ao seu uso e funcionamento.<\/p>\n\n\n\n<h2 class=\"wp-block-heading\">6. Os seus direitos<\/h2>\n\n\n\n<p>De acordo com a legisla\u00e7\u00e3o em vigor, o Utilizador tem direito de acesso e retifica\u00e7\u00e3o dos seus Dados, bem como o direito de solicitar a sua elimina\u00e7\u00e3o, opor-se ao seu tratamento e obter a sua limita\u00e7\u00e3o ou portabilidade na medida em que seja aplic\u00e1vel. Estes pedidos devem ser feitos por via email enviado para <a href=\"mailto:geral.asmpb@gmail.com\">geral.asmpb@gmail.com<\/a><\/p>\n\n\n\n<h2 class=\"wp-block-heading\">7. Utiliza\u00e7\u00e3o de dados<\/h2>\n\n\n\n<p>Comprometemo-nos a n\u00e3o transferir ou vender dados pessoais a quaisquer terceiros que n\u00e3o sejam filiais ou parceiros, a menos que o tenhamos informado previamente em qualquer comunicado, acordo ou informa\u00e7\u00e3o dispon\u00edvel na nossa p\u00e1gina web, ou j\u00e1 nos tenha dado o seu consentimento expresso, ou que a lei assim o exija.<\/p>\n\n\n\n<h2 class=\"wp-block-heading\">8. Recolha autom\u00e1tica de dados pessoais<\/h2>\n\n\n\n<p>Em alguns casos, a A4P e os seus prestadores de servi\u00e7os utilizam cookies, web beacons e outras tecnologias para recolher automaticamente determinado tipo de dados quando visita a nossa p\u00e1gina web, assim como atrav\u00e9s das mensagens de correio eletr\u00f3nico que possamos trocar. A recolha desta informa\u00e7\u00e3o permitir-nos-\u00e1 otimizar a sua experi\u00eancia de utilizador e compreender melhor e otimizar o desempenho, manuseamento e efic\u00e1cia das p\u00e1ginas web da A4P e avaliar a efic\u00e1cia das nossas atividades de marketing.<\/p>\n\n\n\n<p><strong>8.1. Endere\u00e7os IP<\/strong><br>Um endere\u00e7o IP \u00e9 um n\u00famero atribu\u00eddo ao seu computador sempre que acede \u00e0 Internet. Permite aos computadores e aos servidores o reconhecimento m\u00fatuo e comunica\u00e7\u00e3o entre si. Os endere\u00e7os de IP atrav\u00e9s dos quais os visitantes acedem podem ser registados para finalidades de seguran\u00e7a de IT e diagn\u00f3stico dos sistemas. Esta informa\u00e7\u00e3o tamb\u00e9m poder\u00e1 ser utilizada de um modo agregado para verificar as tend\u00eancias da p\u00e1gina web e analisar o desempenho.<\/p>\n\n\n\n<p><strong>8.2. Cookies<\/strong><br>Os cookies podem ser instalados no seu computador ou dispositivo sempre que entra na nossa p\u00e1gina web e servem para a mesma recordar o seu computador ou dispositivo.<\/p>\n\n\n\n<p>Em algumas das nossas p\u00e1ginas web, ir\u00e3o surgir uma janela a perguntar se pretende aceitar ou n\u00e3o os cookies. Se n\u00e3o aceitar os cookies, o seu computador ou dispositivo n\u00e3o ser\u00e3o monitorizados para fins de atividades de marketing. Poder\u00e1 ser ainda solicitado um tipo secund\u00e1rio de cookie, os \u201cuser-input\u201d (cookies alimentados pelo utilizador). Estes cookies n\u00e3o podem ser bloqueados atrav\u00e9s da janela inicial. A sua op\u00e7\u00e3o \u00e9 salva num cookie, sendo v\u00e1lida por um per\u00edodo de 90 dias. Para alterar esta op\u00e7\u00e3o, basta limpar os cookies do seu navegador.<\/p>\n\n\n\n<p>Embora a maioria dos navegadores aceite automaticamente os cookies, pode escolher aceit\u00e1-los ou n\u00e3o atrav\u00e9s das configura\u00e7\u00f5es do seu navegador (normalmente, atrav\u00e9s das Ferramentas ou Prefer\u00eancias). Pode tamb\u00e9m apagar os cookies do seu dispositivo sempre que quiser. No entanto, tenha em conta que se n\u00e3o aceitar os cookies, poder\u00e1 n\u00e3o conseguir experimentar integralmente as funcionalidades da nossa p\u00e1gina web.<\/p>\n\n\n\n<p>Pode consultar mais informa\u00e7\u00f5es sobre como gerir os cookies atrav\u00e9s do ficheiro de ajuda do seu navegador ou atrav\u00e9s de alguns s\u00edtios, como www.allaboutcookies.org.<\/p>\n\n\n\n<p>Apresentamos uma lista de tipos de cookies utilizadas na nossa p\u00e1gina web:<\/p>\n\n\n\n<p><strong>Objetivo<\/strong><br><strong>a) Desempenho (ex.: Navegador do Utilizador)<\/strong><br>As nossas p\u00e1ginas web s\u00e3o desenvolvidas atrav\u00e9s de plataformas comuns de Internet. Estas plataformas t\u00eam cookies embutidos que ajudam em quest\u00f5es de compatibilidade (ex.:, para identificar o tipo de navegador utilizado) e melhorar o desempenho (ex.: carregamento mais r\u00e1pido do conte\u00fado)<\/p>\n\n\n\n<p>Tipo &amp; Per\u00edodo<br><strong>Sess\u00e3o<\/strong><br><strong>S\u00e3o apagados depois de encerrar o navegador<\/strong><\/p>\n\n\n\n<p>Objetivo<br><strong>b) Cookies de Seguran\u00e7a (ex.: Asp .NET)<\/strong><br>Se efetuar o login na nossa p\u00e1gina web para aceder a uma \u00e1rea restrita, os nossos cookies asseguram que o seu dispositivo mant\u00e9m o login durante toda a sua visita.<br>\u00c9 necess\u00e1rio utilizar o nome de utilizador (username) e a password para aceder \u00e0s \u00e1reas restritas.<\/p>\n\n\n\n<p><strong>c) Prefer\u00eancias da p\u00e1gina web<\/strong><br>Os nossos cookies podem tamb\u00e9m memorizar as suas prefer\u00eancias da p\u00e1gina web (ex.: idioma) ou tentar melhorar a sua experi\u00eancia (ex.:, personalizar uma sauda\u00e7\u00e3o ou um conte\u00fado). Isto \u00e9 aplic\u00e1vel \u00e0s \u00e1reas nas quais foi criado um registo espec\u00edfico para aceder ou criar uma conta.<\/p>\n\n\n\n<p>Tipo &amp; Per\u00edodo<br>Sess\u00e3o<br>S\u00e3o apagados depois de encerrar o navegador<\/p>\n\n\n\n<p><strong>Objetivo<\/strong><br>d) An\u00e1lise Descri\u00e7\u00e3o<br>Utilizamos diversas ferramentas de an\u00e1lise de terceiros que no ajudam a compreender de que forma os visitantes utilizam a nossa p\u00e1gina web. Isto permite-nos melhorar a sua qualidade e o conte\u00fado para os nossos visitantes. Os dados estat\u00edsticos agregados cobrem itens como o total de visitas ou visualiza\u00e7\u00f5es da p\u00e1gina e refer\u00eancias \u00e0 nossa p\u00e1gina web. Para mais informa\u00e7\u00f5es sobre a forma como utilizamos o Google Analytics, consulte este link.<\/p>\n\n\n\n<p>Tipo &amp; Per\u00edodo<br>Persistente, mas s\u00e3o apagados automaticamente ap\u00f3s dois anos sem aceder a www.A4P.pt ou A4P.pt<\/p>\n\n\n\n<p><strong>Objetivo<\/strong><br>e) Feedback do utilizador Descri\u00e7\u00e3o<br>Utilizamos uma ferramenta de pesquisa de terceiros para convidar uma percentagem de visitantes a dar o seu feedback. Os cookies s\u00e3o utilizados para evitar que os visitantes sejam convidados a dar o seu feedback mais do que uma vez.<br>O primeiro tipo de cookie (1) \u00e9 armazenado se o visitante n\u00e3o for convidado a participar no estudo e \u00e9 utilizado para garantir que os visitantes n\u00e3o s\u00e3o convidados a faz\u00ea-lo ap\u00f3s a sua primeira visualiza\u00e7\u00e3o da p\u00e1gina.<br>O segundo tipo de cookie (2) \u00e9 armazenado se o visitante for convidado a participar na pesquisa e \u00e9 utilizado para assegurar que esse visitante n\u00e3o \u00e9 convidado novamente para o estudo durante um per\u00edodo de 90 dias.<\/p>\n\n\n\n<p>Tipo &amp; Per\u00edodo<br>1 Sess\u00e3o<br>S\u00e3o apagados depois de encerrar o navegador<br>2 Persistente<br>Apagados automaticamente ap\u00f3s o per\u00edodo de 90 dias ou ap\u00f3s o envio do convite para participa\u00e7\u00e3o no estudo.<\/p>\n\n\n\n<p>Objetivo<br>f) Partilha social<br>Utilizamos widgets ou atalhos de redes sociais de terceiros para lhe proporcionar funcionalidades adicionais para partilha de conte\u00fado das nossas p\u00e1ginas na Internet, em redes sociais e atrav\u00e9s de correio eletr\u00f3nico. A utiliza\u00e7\u00e3o destes widgets ou atalhos pode resultar na instala\u00e7\u00e3o de um cookie no seu dispositivo para facilitar a utiliza\u00e7\u00e3o dos servi\u00e7os desses recursos, garantir que a sua intera\u00e7\u00e3o surge nas nossas p\u00e1ginas da Internet (ex.: o cache de contagem de partilhas sociais est\u00e1 atualizado) e registar as informa\u00e7\u00f5es sobre as suas atividades na Internet e na nossa p\u00e1gina web. Tipo &amp; Per\u00edodo<br>Persistente, mas s\u00e3o apagados automaticamente ap\u00f3s dois anos sem aceder a www.A4P.pt.<br>As nossas p\u00e1ginas poder\u00e3o tamb\u00e9m utilizar ferramentas e widgets de terceiros para oferecer funcionalidades adicionais. A utiliza\u00e7\u00e3o destas ferramentas e widgets pode resultar na instala\u00e7\u00e3o de um cookie no seu dispositivo para facilitar a utiliza\u00e7\u00e3o dos servi\u00e7os desses recursos e garantir que a sua intera\u00e7\u00e3o surge adequadamente nas nossas p\u00e1ginas da internet.<br>Os cookies n\u00e3o permitem identificar, por si, o seu endere\u00e7o de correio eletr\u00f3nico ou identific\u00e1-lo pessoalmente de qualquer outra forma. Poderemos obter outros meios de identifica\u00e7\u00e3o atrav\u00e9s dos nossos relat\u00f3rios anal\u00edticos, nomeadamente endere\u00e7os IP, mas apenas para nos ajudar a determinar quais as \u00e1reas da p\u00e1gina web que os nossos visitantes preferem e n\u00e3o para identifica\u00e7\u00e3o dos visitantes de modo individual..<\/p>\n\n\n\n<p><strong>8.3. Google Analytics<\/strong><br>A A4P utiliza a Google Analytics. Para mais informa\u00e7\u00f5es acerca da forma como a A4P utiliza o Google Analytics consulte: http:\/\/www.google.com\/analytics\/learn\/privacy.html<br>Para fornecer aos visitantes da p\u00e1gina web mais op\u00e7\u00f5es de recolha de dados pelo Google Analytics, a Google desenvolveu o Add-on do navegador para desativa\u00e7\u00e3o do Google Analytics (Google Analytics Opt-out Browser Add-on). O add-on comunica-se com o JavaScript do Google Analytics (ga.js) para indicar que as informa\u00e7\u00f5es sobre a visita \u00e0 p\u00e1gina web n\u00e3o devem ser enviadas para o Google Analytics. O Add-on do navegador para desativa\u00e7\u00e3o do Google Analytics n\u00e3o impede que as informa\u00e7\u00f5es sejam enviadas para a pr\u00f3pria p\u00e1gina web ou para outros servi\u00e7os de web analytics.<\/p>\n\n\n\n<p><strong>8.4. Web beacons<\/strong><br>Um \u201cweb beacons\u201d \u00e9 uma pequena imagem numa p\u00e1gina da Internet que pode ser utilizada para recolher determinada informa\u00e7\u00e3o do seu computador, como o seu endere\u00e7o IP, a hora em que o conte\u00fado foi visualizado, o tipo de navegador e a exist\u00eancia de cookies previamente enviados do mesmo servidor. A A4P apenas utiliza web beacons em conformidade com a legisla\u00e7\u00e3o aplic\u00e1vel.<br>A A4P ou os seus prestadores de servi\u00e7os podem utilizar web beacons para monitorizar a efic\u00e1cia de S\u00edtios de terceiros que prestam servi\u00e7os de recrutamento ou marketing ou para reunir estat\u00edsticas agregadas dos visitantes ou gerir os cookies.<\/p>\n\n\n\n<p>Pode tornar alguns web beacons inutiliz\u00e1veis ao rejeitar os respetivos cookies que est\u00e3o associados. O web beacons poder\u00e1 ainda gravar uma visita an\u00f3nima a partir do seu endere\u00e7o IP, mas a informa\u00e7\u00e3o do cookie n\u00e3o ficar\u00e1 registada. Em algumas das nossas newsletters e outras comunica\u00e7\u00f5es, podemos confirmar o endere\u00e7o de e-mail do destinat\u00e1rio atrav\u00e9s de liga\u00e7\u00f5es inseridas nas mensagens. Recolhemos esta informa\u00e7\u00e3o para avaliar o interesse do utilizador e para melhorar experi\u00eancias futuras do utilizador.<\/p>\n\n\n\n<p><strong>8.5. Ferramentas baseadas na localiza\u00e7\u00e3o<\/strong><br>A A4P poder\u00e1 recolher e utilizar a localiza\u00e7\u00e3o geogr\u00e1fica do seu computador ou dispositivo. Estes dados de localiza\u00e7\u00e3o s\u00e3o recolhidos para lhe fornecer informa\u00e7\u00f5es relativas aos servi\u00e7os que acreditamos que possam ser do seu interesse com base na sua localiza\u00e7\u00e3o geogr\u00e1fica e para melhorar os nossos produtos e servi\u00e7os com base na localiza\u00e7\u00e3o.<\/p>\n\n\n\n<h2 class=\"wp-block-heading\">9. Widgets e aplica\u00e7\u00f5es de redes sociais<\/h2>\n\n\n\n<p>As p\u00e1ginas web da A4P poder\u00e3o incluir funcionalidades para facilitar a partilha atrav\u00e9s de aplica\u00e7\u00f5es externas de redes sociais, como o bot\u00e3o \u201cLike\u201d do Facebook e o widget do Twitter. Estas aplica\u00e7\u00f5es podem recolher e utilizar as informa\u00e7\u00f5es relativas \u00e0 utiliza\u00e7\u00e3o que faz das p\u00e1ginas web da A4P (ver detalhes sobre os cookies de \u201cPartilha Social\u201d na tabela apresentada acima). Quaisquer informa\u00e7\u00f5es pessoais que fornecer por meio destas aplica\u00e7\u00f5es poder\u00e3o ser recolhidas e utilizadas por outros membros dessas redes sociais e tais intera\u00e7\u00f5es s\u00e3o regidas pelas pol\u00edticas de privacidade das empresas que fornecem as aplica\u00e7\u00f5es. N\u00e3o temos qualquer controlo sobre essas empresas ou sobre a utiliza\u00e7\u00e3o que estas fazem das suas informa\u00e7\u00f5es e n\u00e3o nos responsabilizamos por tais empresas nem pela utiliza\u00e7\u00e3o que estas fazem das suas informa\u00e7\u00f5es.<\/p>\n\n\n\n<p>Adicionalmente, as p\u00e1ginas web da A4P poder\u00e3o hospedar blogs, f\u00f3runs, crowdsourcing e outras aplica\u00e7\u00f5es ou servi\u00e7os (coletivamente denominados \u201csocial media sources\u201d). O prop\u00f3sito dos social media sources \u00e9 facilitar a partilha de conhecimento e conte\u00fado. Quaisquer informa\u00e7\u00f5es pessoais que fornecer em qualquer um dos recursos de redes sociais da A4P poder\u00e3o ser partilhadas por outros utilizadores desses respetivos recursos (a menos que de outra forma seja estabelecido no momento da recolha), sobre os quais n\u00e3o temos qualquer controlo ou um controlo restrito.<\/p>\n\n\n\n<div style=\"height:120px\" aria-hidden=\"true\" class=\"wp-block-spacer\"><\/div>\n","protected":false},"excerpt":{"rendered":"<p>O presente documento apresenta a pol\u00edtica de privacidade da nossa p\u00e1gina, acess\u00edvel pela Internet atrav\u00e9s do endere\u00e7o&nbsp;www.a4p.pt&nbsp;ou (doravante designado por \u201cp\u00e1gina web\u201d). Ao utilizar a nossa p\u00e1gina web est\u00e1 a aceitar os termos e condi\u00e7\u00f5es do presente documento. Podemos alterar a presente pol\u00edtica a qualquer momento e essas altera\u00e7\u00f5es entrar\u00e3o em vigor imediatamente. 1. Identidade [&hellip;]<\/p>\n","protected":false},"author":1,"featured_media":629,"parent":0,"menu_order":0,"comment_status":"closed","ping_status":"closed","template":"","meta":{"_acf_changed":false,"footnotes":""},"class_list":["post-650","page","type-page","status-publish","has-post-thumbnail","hentry"],"acf":[],"_links":{"self":[{"href":"https:\/\/a4p.pt\/en\/wp-json\/wp\/v2\/pages\/650","targetHints":{"allow":["GET"]}}],"collection":[{"href":"https:\/\/a4p.pt\/en\/wp-json\/wp\/v2\/pages"}],"about":[{"href":"https:\/\/a4p.pt\/en\/wp-json\/wp\/v2\/types\/page"}],"author":[{"embeddable":true,"href":"https:\/\/a4p.pt\/en\/wp-json\/wp\/v2\/users\/1"}],"replies":[{"embeddable":true,"href":"https:\/\/a4p.pt\/en\/wp-json\/wp\/v2\/comments?post=650"}],"version-history":[{"count":0,"href":"https:\/\/a4p.pt\/en\/wp-json\/wp\/v2\/pages\/650\/revisions"}],"wp:featuredmedia":[{"embeddable":true,"href":"https:\/\/a4p.pt\/en\/wp-json\/wp\/v2\/media\/629"}],"wp:attachment":[{"href":"https:\/\/a4p.pt\/en\/wp-json\/wp\/v2\/media?parent=650"}],"curies":[{"name":"wp","href":"https:\/\/api.w.org\/{rel}","templated":true}]}}